
{"id":82,"date":"2014-01-11T14:17:26","date_gmt":"2014-01-11T14:17:26","guid":{"rendered":"http:\/\/localhost\/~crux\/wordpress\/?page_id=82"},"modified":"2014-02-05T15:37:50","modified_gmt":"2014-02-05T15:37:50","slug":"fotos","status":"publish","type":"page","link":"http:\/\/www.kindredbluestrio.com\/de\/fotos\/","title":{"rendered":"Fotos"},"content":{"rendered":"<p><ul class=\"ngg-breadcrumbs\">\n    <\/ul>\n<div class=\"ngg-albumoverview\">\t\n\t<!-- List of galleries -->\n\t\n\t<div class=\"ngg-album\">\n\t\t<div class=\"ngg-albumtitle\"><a href=\"http:\/\/www.kindredbluestrio.com\/de\/fotos\/nggallery\/haupt-album\/2014-cd-release-party\">2014 CD Release Party<\/a><\/div>\n\t\t\t<div class=\"ngg-albumcontent\">\n\t\t\t\t<div class=\"ngg-thumbnail\">\n\t\t\t\t\t<a href=\"http:\/\/www.kindredbluestrio.com\/de\/fotos\/nggallery\/haupt-album\/2014-cd-release-party\"><img class=\"Thumb\" alt=\"2014 CD Release Party\" src=\"http:\/\/www.kindredbluestrio.com\/de\/wp-content\/blogs.dir\/gallery\/2014-cd-release-party\/cache\/1-cold-shot-6893.jpg-nggid03318-ngg0dyn-91x68-00f0w010c011r110f110r010t010.jpg\"\/><\/a>\n\t\t\t\t<\/div>\n\t\t\t\t<div class=\"ngg-description\">\n\t\t\t\t<p>CD Release Party f\u00fcr das Album \"Cold Shot\"<br>\r\nAufgenommen 2013 im KLOPOTEC Studio<br>\r\nwww.klopotec.si<br>\r\nKranj (SLO)<br><br>\r\n\r\nLive im Local<br>\r\nWien<br><br><\/p>\n\t\t\t\t\t\t\t\t<p class=\"ngg-album-gallery-image-counter\"><strong>17<\/strong>&nbsp;Fotos<\/p>\n\t\t\t\t\t\t\t<\/div>\n\t\t<\/div>\n\t<\/div>\n\n \t\n\t<div class=\"ngg-album\">\n\t\t<div class=\"ngg-albumtitle\"><a href=\"http:\/\/www.kindredbluestrio.com\/de\/fotos\/nggallery\/fotos\">2013 Fr\u00fchjahrs-Tournee<\/a><\/div>\n\t\t\t<div class=\"ngg-albumcontent\">\n\t\t\t\t<div class=\"ngg-thumbnail\">\n\t\t\t\t\t<a href=\"http:\/\/www.kindredbluestrio.com\/de\/fotos\/nggallery\/fotos\"><img class=\"Thumb\" alt=\"2013 Fr\u00fchjahrs-Tournee\" src=\"http:\/\/www.kindredbluestrio.com\/de\/wp-content\/blogs.dir\/gallery\/studio\/cache\/1-studio-0126.jpg-nggid03248-ngg0dyn-91x68-00f0w010c011r110f110r010t010.jpg\"\/><\/a>\n\t\t\t\t<\/div>\n\t\t\t\t<div class=\"ngg-description\">\n\t\t\t\t<p>Die 2te Tournee durch Europa des Trios.<br><br>\r\nVerkn\u00fcpft mit dem Bluesseminar in \u00d6sterreich und der Albumaufnahme (Cold Shot) bei dem Label Klopotec!<br><br>\r\nwww.klopotec.si\/en<\/p>\n\t\t\t\t\t\t\t<\/div>\n\t\t<\/div>\n\t<\/div>\n\n \t\n\t<div class=\"ngg-album\">\n\t\t<div class=\"ngg-albumtitle\"><a href=\"http:\/\/www.kindredbluestrio.com\/de\/fotos\/nggallery\/haupt-album\/2013-bluesseminar\">2013 Bluesseminar<\/a><\/div>\n\t\t\t<div class=\"ngg-albumcontent\">\n\t\t\t\t<div class=\"ngg-thumbnail\">\n\t\t\t\t\t<a href=\"http:\/\/www.kindredbluestrio.com\/de\/fotos\/nggallery\/haupt-album\/2013-bluesseminar\"><img class=\"Thumb\" alt=\"2013 Bluesseminar\" src=\"http:\/\/www.kindredbluestrio.com\/de\/wp-content\/blogs.dir\/gallery\/2013-bluesclinic\/cache\/8-blues-0222.jpg-nggid03265-ngg0dyn-91x68-00f0w010c011r110f110r010t010.jpg\"\/><\/a>\n\t\t\t\t<\/div>\n\t\t\t\t<div class=\"ngg-description\">\n\t\t\t\t<p>Von 5. - 9.Juni hat das Trio zusammen mit Eric Trauner in Heiligenkreutz im Lafnitztal den Blues unterrichtet.<br><br>\r\nwww.limmitationes.com<br><br>\r\nFotos von M.C. Shaddi<\/p>\n\t\t\t\t\t\t\t\t<p class=\"ngg-album-gallery-image-counter\"><strong>18<\/strong>&nbsp;Fotos<\/p>\n\t\t\t\t\t\t\t<\/div>\n\t\t<\/div>\n\t<\/div>\n\n \t\n\t<div class=\"ngg-album\">\n\t\t<div class=\"ngg-albumtitle\"><a href=\"http:\/\/www.kindredbluestrio.com\/de\/fotos\/nggallery\/haupt-album\/2012-europa-tournee\">2012 Europa-Tournee<\/a><\/div>\n\t\t\t<div class=\"ngg-albumcontent\">\n\t\t\t\t<div class=\"ngg-thumbnail\">\n\t\t\t\t\t<a href=\"http:\/\/www.kindredbluestrio.com\/de\/fotos\/nggallery\/haupt-album\/2012-europa-tournee\"><img class=\"Thumb\" alt=\"2012 Europa-Tournee\" src=\"http:\/\/www.kindredbluestrio.com\/de\/wp-content\/blogs.dir\/gallery\/2012-austria-tour\/cache\/13_sim9185.jpg-nggid03246-ngg0dyn-91x68-00f0w010c011r110f110r010t010.jpg\"\/><\/a>\n\t\t\t\t<\/div>\n\t\t\t\t<div class=\"ngg-description\">\n\t\t\t\t<p>Das Resultat unserer ersten Begegnung!<br><br>\r\nLive in F\u00fcrstenfeld<br>\r\nim Grabher-Haus<br>\r\nam 9.Juni 2012<br><br>\r\nwww.kunstduenger.st<br><br>\r\nFotos von Simon Attila<\/p>\n\t\t\t\t\t\t\t\t<p class=\"ngg-album-gallery-image-counter\"><strong>13<\/strong>&nbsp;Fotos<\/p>\n\t\t\t\t\t\t\t<\/div>\n\t\t<\/div>\n\t<\/div>\n\n \t \t\n\t<!-- Pagination -->\n \t<div class='ngg-clear'><\/div> \t\n<\/div>\n\n<\/p>\n","protected":false},"excerpt":{"rendered":"<p>2014 CD Release Party CD Release Party f\u00fcr das Album &#8222;Cold Shot&#8220; Aufgenommen 2013 im KLOPOTEC Studio www.klopotec.si Kranj (SLO) Live im Local Wien 17&nbsp;Fotos 2013 Fr\u00fchjahrs-Tournee Die 2te Tournee durch Europa des Trios. Verkn\u00fcpft mit dem Bluesseminar in \u00d6sterreich und der Albumaufnahme (Cold Shot) bei dem Label Klopotec! www.klopotec.si\/en 2013 Bluesseminar Von 5. &#8211; [&hellip;]<\/p>\n","protected":false},"author":1,"featured_media":0,"parent":0,"menu_order":0,"comment_status":"closed","ping_status":"closed","template":"","meta":{"ngg_post_thumbnail":0},"_links":{"self":[{"href":"http:\/\/www.kindredbluestrio.com\/de\/wp-json\/wp\/v2\/pages\/82"}],"collection":[{"href":"http:\/\/www.kindredbluestrio.com\/de\/wp-json\/wp\/v2\/pages"}],"about":[{"href":"http:\/\/www.kindredbluestrio.com\/de\/wp-json\/wp\/v2\/types\/page"}],"author":[{"embeddable":true,"href":"http:\/\/www.kindredbluestrio.com\/de\/wp-json\/wp\/v2\/users\/1"}],"replies":[{"embeddable":true,"href":"http:\/\/www.kindredbluestrio.com\/de\/wp-json\/wp\/v2\/comments?post=82"}],"version-history":[{"count":5,"href":"http:\/\/www.kindredbluestrio.com\/de\/wp-json\/wp\/v2\/pages\/82\/revisions"}],"predecessor-version":[{"id":352,"href":"http:\/\/www.kindredbluestrio.com\/de\/wp-json\/wp\/v2\/pages\/82\/revisions\/352"}],"wp:attachment":[{"href":"http:\/\/www.kindredbluestrio.com\/de\/wp-json\/wp\/v2\/media?parent=82"}],"curies":[{"name":"wp","href":"https:\/\/api.w.org\/{rel}","templated":true}]}}