
{"id":482,"date":"2014-02-05T17:07:59","date_gmt":"2014-02-05T17:07:59","guid":{"rendered":"http:\/\/www.kindredbluestrio.com\/de\/?page_id=482"},"modified":"2018-04-14T21:20:05","modified_gmt":"2018-04-14T21:20:05","slug":"bluesseminar-2014","status":"publish","type":"page","link":"http:\/\/www.kindredbluestrio.com\/de\/bluesseminar-2014\/","title":{"rendered":"Bluesseminar"},"content":{"rendered":"<p>Infos zum Seminar:<br \/>\n<a title=\"bluesseminar limmitationes\" href=\"http:\/\/www.limmitationes.com\/aktuell\/bluesseminar\/bluesseminar.htm\" target=\"_blank\">http:\/\/www.limmitationes.com\/aktuell\/bluesseminar\/bluesseminar.htm<\/a><\/p>\n<div>\n<div><strong>Die Lehrer:<\/strong><\/div>\n<div>Mike KINDRED &#8211; Klavier, Stimme, Ensemble<\/div>\n<div>Joe FONDA &#8211; E-Bass, Rhythmus, Ensemble<\/div>\n<div>Emil GROSS &#8211; Schlagzeug, Percussions<\/div>\n<div>Bernd LESKI &#8211; Gitarre<\/div>\n<div>Arthur FANDL &#8211; Posaune, trompete<\/div>\n<div><\/div>\n<\/div>\n<div><strong><strong><strong>Ort:<\/strong><\/strong><\/strong><\/p>\n<div>Gasthaus Pummer<br \/>\nRudolf in 7561 Heiligenkreuz im Lafnitztal,<\/div>\n<div>Obere Hauptstr. 11.<\/div>\n<div><a title=\"GH Pummer\" href=\"http:\/\/www.pummer.at\">www.pummer.at<\/a><\/div>\n<p><strong><br \/>\nAnreise:<\/strong><br \/>\nm\u00f6glich (w\u00e4re zu empfehlen) Dienstag den 18. JULI;<br \/>\nSp\u00e4testens bis Mittwoch den 19. morgens um 9.30.<br \/>\na) von Wien mit Dr Richard bis vor die Haust\u00fcre des GH<br \/>\nb) von Graz mit Zug bis Mogersdorf + Taxi<br \/>\nc) von Graz mit Bus bis vor die Haust\u00fcr des GH.<br \/>\nd) mit Auto \u00fcber die A2 bis Abfahrt Ilz und dann<br \/>\nRichtung Ungarn etwa 28 Kilometer.<\/p>\n<\/div>\n<div><strong> Kontakt:<\/strong><\/div>\n<div>-Udo Preis,<\/div>\n<div>playup@aon.at<\/div>\n<div>0699 1080 9593<\/div>\n<div>-Emil Gross,<\/div>\n<div>emil.gross@gmx.at<\/div>\n<div>0660 2614908<\/div>\n<div><strong><br \/>\nUnterricht:<br \/>\n<\/strong>ab Mittwoch ca. 11.30 Uhr bis Sonntag zu Mittag.<br \/>\nSonntag: Nachmittags Proben und Vorbereitungen f\u00fcr das Konzert.<br \/>\nSoundcheck und dann 18.00 Uhr Start des Konzertes<strong><\/strong><\/div>\n<div><\/div>\n<div><strong>ABLAUF DES UNTERRICHTS:<\/strong><\/div>\n<div>Unterrichtet wird Mittwoch bis Sonntag in jeweils 2 Einheiten von cirka \u00e1 3 Stunden, der Sonntag Nachmittag wird haupts\u00e4chlich der Konzertvorbereitung gewidmet sein. Abends gibt es t\u00e4glich Sessions. Alle Lehrer unterrichten durchgehend in einer gro\u00dfen Guppe um Blues-Songs zu erarbeiten. Dabei wird im ENSEMBLE gearbeitet, an den Melodien, den Rhythmen und den Harmonien und Soloperformances. Am Ende der Woche werden alle TeilnehmerInnen ein cirka einst\u00fcndiges Programm beherrschen und es in Form eines Konzertes \u00f6ffentlich pr\u00e4sentieren. PARALLELL DAZU gibt es cirka 2 Stunden INSTRUMENTAL- Unterricht, Einzeln und in Kleingruppen: Gesang, Klavier, Bass, Schlagzeug und Gitarre ; 1 teilnehmender Bluesprofis wird am Nachmittag auch Trompete, Sax und Posaune unterrichten!!!<\/div>\n<div><\/div>\n<div><strong>Kursbeitrag:<\/strong><\/p>\n<div>pro Person 350.- Euro, Studenten 250.-<\/div>\n<div>Erm\u00e4\u00dfigungen f\u00fcr Studenten aus Ungarn, Slovakei,<br \/>\n\u00dcbernachtung:<br \/>\nim Haus. Zimmer bitte selbst vorbestellen!!!!<br \/>\nHalb \u2013 oder Vollpension. kontaktieren sie www.pummer.at<\/div>\n<\/div>\n<div><\/div>\n<div>________________________________________________________<br \/>\nMike KINDRED<\/div>\n<div>die Blues-Gr\u00f6\u00dfe aus den USA tourte erst letzten Sommer durch<\/div>\n<div>\u00d6sterreich, Slowenien und Ungarn. Ber\u00fchmt wurde er vor Jahren als er den internationalen<\/div>\n<div>Hit \u201cCold Shot\u201d f\u00fcr Steve Ray Vauhghan komponierte, doch ist er kein \u00fcblicher Bluespianist.<\/div>\n<div>\u00dcber die letzten 30 Jahre hat er den klassischen Blues durchgearbeitet, spielte im Studio<\/div>\n<div>und auf der B\u00fchne mit fast allen Bluesgr\u00f6\u00dfen wie Stevie Ray und Jimmie Vaughan, Lou Ann<\/div>\n<div>Barton, Lightnin\u2019 Hopkins, Big Mama Thornton, James Cotton, und Delbert McClinton. In den<\/div>\n<div>80ern erlebte man ihn mit dem unnachahmlichen Joe Ely und mit seiner und dessen Band<\/div>\n<div>war er quer durch Amerika und Europa auf Tour und teilte sich die B\u00fchnen mit Musikern wie<\/div>\n<div>The Rolling Stones, Linda Ronstadt und The Clash.<\/div>\n<div>\u201cMike Kindred ist ein wahrer Meister des Texasblues und es zeichnet ihn eine der st\u00e4rksten<\/div>\n<div>und groovigsten linken H\u00e4nde in diesem Gesch\u00e4ft aus. Sein Stil schiebt an wie eine<\/div>\n<div>Dampfwalze, egal ob er zu Hause spielt, ob eine Bluesballade oder einen Hard-Rockin&#8216; Blues.<\/div>\n<div>Mike\u2019s Sinn f\u00fcr Humor und seine rauhe Stimme sind eine wertvolle Erg\u00e4nzung zu jedem<\/div>\n<div>Klavier-oder Bluestune&#8230;..\u201d (New York Times Syndicate).<\/div>\n<div>Link: <a href=\"http:\/\/www.kindredbluestrio.com\">www.kindredbluestrio.com<\/a><\/div>\n<div>______________________<br \/>\nJoe FONDA<\/div>\n<div>einer der renomiertesten Bassisten weltweit und vor allem weltbekannt als Jazzer, tourte 5<\/div>\n<div>Jahre lang mit \u201cSweet Daddy Cool Breeze\u201d und mit dabei auch Blueslegenden wie Buddy Guy,<\/div>\n<div>Koko Taylor und Los Lobos.<\/div>\n<div>Er tourte mit seinen eigenen Ensembles durch ganz Amerika, Europa und Asien. Fonda<\/div>\n<div>hatte als Komponist, Studiomusiker, Produzent oder P\u00e4dagoge schon Fusionen mit allerlei<\/div>\n<div>Kunstrichtungen und Organisationen. Seine Karriere brachte ihn unter anderem mit K\u00fcnstlern<\/div>\n<div>wie Anthony Braxton, Archie Shepp, Bill Dixon, Xu Fengia und Billy Bang zusammen.<\/div>\n<div>Link: <a title=\"HP\" href=\"http:\/\/www.joefonda.com\">www.joefonda.com<\/a><\/div>\n<div>______________________<\/div>\n<div>Emil GROSS<\/div>\n<div>, \u201eEl Milio the Stick\u201c<\/div>\n<div>Der junge Schlagzeuger und Multiinstrumentalist aus \u00d6sterreich, steht im Spannungsfeld<\/div>\n<div>von Funk, Drum&amp;Bass, Jazz, Avantgarde und Blues; Er steuert seine Musikalischen Projekte<\/div>\n<div>derzeit von Wien aus, wo er auch unterrichtet und als Studiomusiker und Gitarrist arbeitet.<\/div>\n<div>Wenn nicht als solcher, dann arbeitet er an seinem Studio und als Veranstalter oder<\/div>\n<div>Eventtechniker in mehreren Vereinen.<\/div>\n<div>In diesem Jahr geht er auf Tour mit dem ehemaligen Partner von Don Cherry, mit dem<\/div>\n<div>Gnawa S\u00e4nger Abdeljalil Kodssi, im Duo mit Paul Rogers oder im Quartet mit Herb Robertson;<\/div>\n<div>15\/16 war er auf tour mit dem amerikanischen Jazzensemble \u201cGenerations Quartet\u201c<\/div>\n<div>(featuring Oliver Lake) und dem frei improvisierend mit dem Trio \u201e1724\u201c.<\/div>\n<div>Link: <a title=\"HP\" href=\"http:\/\/www.emilgross.com\">www.emilgross.com<\/a><\/div>\n<div>______________________<\/div>\n<div>BERND LESKI:<\/div>\n<div>Gefesselt von der Magie und dem Facettenreichtum der elektrischen Gitarre, besch\u00e4ftigt sich Gitarrist Bernd Leski bereits seit seiner Jugend mit den unterschiedlichsten Stilen des Jazz, Blues &amp; Pop. Studium der Instrumental- und Gesangsp\u00e4dagogik und Diplom f\u00fcr Jazzgitarre am Landeskonservatorium in K\u00e4rnten bei Prof. Thomas Wallisch. Intensive Besch\u00e4ftigung des Variantenreichtums der Interpretationen von Scott Henderson, Jimi Hendrix, Stevie Ray Vaughan seit seinem 16. Lebensjahr.<\/div>\n<div>\u201eBlues bedeutet f\u00fcr mich reines Lebensgef\u00fchl, Improvisation im Moment und das Transportieren von Gef\u00fchlen, Stimmung &amp; Emotionen!&#8220;<\/div>\n<div>Bernd Leski ist derzeit aktiv in unterschiedlichen Bands im Blues wie im Jazz unter anderem: Bixbeat, Tape, Empire of Sound, Confusion und v.m.<\/div>\n<div>Musical Clinics bei: Harri Stojka, Arnoldo Moreno, Rens Newland, Debbie Davis, Thomas Wallisch, Armin Pokorn. Musikalische Zusammenarbeit unter ander em mit: Richard Oesterreicher, Louie Austen, Ismael\u00a0 Barrios, Wolfgang Tischhart u.v.m.<\/div>\n<div>Seit mehreren Jahren aktiv als Gitarrenlehrer t\u00e4tig<br \/>\nLink: <a title=\"FB\" href=\"http:\/\/www.facebook.com\/bernd.leski\" target=\"_blank\">www.facebook.com\/bernd.leski<\/a><br \/>\n______________________<\/div>\n<div>Arthur FANDL<\/div>\n<div>(Blasinstrumente) Arthur nimmt einerseits als Student beim Seminar Teil aber als Musikprofi und Mitglied mehrerer Bluesbands wird er auch am Nachmittag \u2013 f\u00fcr den Fall dass es notwendig wird \u2013 als Gastlehrer unterrichten.<\/div>\n<div><a title=\"FB\" href=\"http:\/\/www.facebook.com\/arthur.fandl\">www.facebook.com\/arthur.fandl<\/a><\/div>\n<div><\/div>\n<div>_ _ _ _<br \/>\nQuellen:<\/div>\n<div>MIKE KINDRED <a title=\"HP\" href=\"http:\/\/www.kindredbluestrio.com\" target=\"_blank\">www.kindredbluestrio.com<\/a><\/div>\n<div>JOE FONDA <a title=\"HP\" href=\"http:\/\/www.joefonda.com\" target=\"_blank\">www.joefonda.com<\/a><\/div>\n<div>EMIL GROSS <a title=\"HP\" href=\"http:\/\/www.emilgross.com\" target=\"_blank\">www.emilgross.com<\/a><\/div>\n<div>BERND LESKI <a title=\"FB\" href=\"http:\/\/www.facebook.com\/bernd.leski\" target=\"_blank\">www.facebook.com\/bernd.leski<\/a><\/div>\n<div>ARTHUR FANDL <a title=\"FB\" href=\"http:\/\/www.facebook.com\/arthur.fandl\" target=\"_blank\">www.facebook.com\/arthur.fandl<\/a><\/div>\n<div>KFG BLUES TRIO <a title=\"HP\" href=\"http:\/\/www.kindredbluestrio.com\" target=\"_blank\">www.kindredbluestrio.com<\/a><\/div>\n<div>VERANSTALTER <a title=\"Limmi\" href=\"http:\/\/www.limmitationes.com\" target=\"_blank\">www.limmitationes.com<\/a><\/div>\n","protected":false},"excerpt":{"rendered":"<p>Infos zum Seminar: http:\/\/www.limmitationes.com\/aktuell\/bluesseminar\/bluesseminar.htm Die Lehrer: Mike KINDRED &#8211; Klavier, Stimme, Ensemble Joe FONDA &#8211; E-Bass, Rhythmus, Ensemble Emil GROSS &#8211; Schlagzeug, Percussions Bernd LESKI &#8211; Gitarre Arthur FANDL &#8211; Posaune, trompete Ort: Gasthaus Pummer Rudolf in 7561 Heiligenkreuz im Lafnitztal, Obere Hauptstr. 11. www.pummer.at Anreise: m\u00f6glich (w\u00e4re zu empfehlen) Dienstag den 18. JULI; Sp\u00e4testens [&hellip;]<\/p>\n","protected":false},"author":2,"featured_media":0,"parent":0,"menu_order":0,"comment_status":"open","ping_status":"open","template":"","meta":{"ngg_post_thumbnail":0},"_links":{"self":[{"href":"http:\/\/www.kindredbluestrio.com\/de\/wp-json\/wp\/v2\/pages\/482"}],"collection":[{"href":"http:\/\/www.kindredbluestrio.com\/de\/wp-json\/wp\/v2\/pages"}],"about":[{"href":"http:\/\/www.kindredbluestrio.com\/de\/wp-json\/wp\/v2\/types\/page"}],"author":[{"embeddable":true,"href":"http:\/\/www.kindredbluestrio.com\/de\/wp-json\/wp\/v2\/users\/2"}],"replies":[{"embeddable":true,"href":"http:\/\/www.kindredbluestrio.com\/de\/wp-json\/wp\/v2\/comments?post=482"}],"version-history":[{"count":19,"href":"http:\/\/www.kindredbluestrio.com\/de\/wp-json\/wp\/v2\/pages\/482\/revisions"}],"predecessor-version":[{"id":632,"href":"http:\/\/www.kindredbluestrio.com\/de\/wp-json\/wp\/v2\/pages\/482\/revisions\/632"}],"wp:attachment":[{"href":"http:\/\/www.kindredbluestrio.com\/de\/wp-json\/wp\/v2\/media?parent=482"}],"curies":[{"name":"wp","href":"https:\/\/api.w.org\/{rel}","templated":true}]}}